{"id":907,"date":"2024-04-26T21:45:41","date_gmt":"2024-04-26T18:45:41","guid":{"rendered":"https:\/\/samejustice.org\/izleme-degerlendirme\/"},"modified":"2024-04-26T21:45:41","modified_gmt":"2024-04-26T18:45:41","slug":"izleme-degerlendirme","status":"publish","type":"page","link":"https:\/\/samejustice.org\/tr\/izleme-degerlendirme\/","title":{"rendered":"\u0130zleme &amp; De\u011ferlendirme"},"content":{"rendered":"<div id=\"tdi_1\" class=\"tdc-zone\"><div class=\"tdc_zone tdi_2  wpb_row td-pb-row\"  >\n<style scoped>\n\/* custom css - generated by TagDiv Composer *\/\n\n\/* custom css - generated by TagDiv Composer *\/\n\/* custom css - generated by TagDiv Composer *\/\n.tdi_2{\r\n                    min-height: 0;\r\n                }\n<\/style><div id=\"tdi_3\" class=\"tdc-row\"><div class=\"vc_row tdi_4  wpb_row td-pb-row\" >\n<style scoped>\n\/* custom css - generated by TagDiv Composer *\/\n\n\/* custom css - generated by TagDiv Composer *\/\n\/* custom css - generated by TagDiv Composer *\/\n.tdi_4,\r\n                .tdi_4 .tdc-columns{\r\n                    min-height: 0;\r\n                }.tdi_4,\r\n\t\t\t\t.tdi_4 .tdc-columns{\r\n\t\t\t\t    display: block;\r\n\t\t\t\t}.tdi_4 .tdc-columns{\r\n\t\t\t\t    width: 100%;\r\n\t\t\t\t}\n\/* inline tdc_css att - generated by TagDiv Composer *\/\n\n.tdi_4{\npadding-top:50px !important;\n}\n\n.tdi_4 .td_block_wrap{ text-align:left }\n\n<\/style><div class=\"vc_column tdi_6  wpb_column vc_column_container tdc-column td-pb-span12\">\n<style scoped>\n\/* custom css - generated by TagDiv Composer *\/\n\n\/* custom css - generated by TagDiv Composer *\/\n\/* custom css - generated by TagDiv Composer *\/\n.tdi_6{\r\n                    vertical-align: baseline;\r\n                }.tdi_6 > .wpb_wrapper,\r\n\t\t\t\t.tdi_6 > .wpb_wrapper > .tdc-elements{\r\n\t\t\t\t    display: block;\r\n\t\t\t\t}.tdi_6 > .wpb_wrapper > .tdc-elements{\r\n\t\t\t\t    width: 100%;\r\n\t\t\t\t}.tdi_6 > .wpb_wrapper > .vc_row_inner{\r\n\t\t\t\t    width: auto;\r\n\t\t\t\t}.tdi_6 > .wpb_wrapper{\r\n\t\t\t\t    width: auto;\r\n\t\t\t\t    height: auto;\r\n\t\t\t\t}\n<\/style><div class=\"wpb_wrapper\" ><div class=\"td_block_wrap tdb_breadcrumbs tdi_7 td-pb-border-top td_block_template_1 tdb-breadcrumbs \"  data-td-block-uid=\"tdi_7\" >\n<style>\n\/* custom css - generated by TagDiv Composer *\/\n\/* custom css - generated by TagDiv Composer *\/\n.tdb-breadcrumbs{\r\n                  margin-bottom: 11px;\r\n                  font-family: 'Open Sans', 'Open Sans Regular', sans-serif;\r\n                  font-size: 12px;\r\n                  color: #747474;\r\n                  line-height: 18px;\r\n                }.tdb-breadcrumbs a{\r\n                  color: #747474;\r\n                }.tdb-breadcrumbs a:hover{\r\n                  color: #000;\r\n                }.tdb-breadcrumbs .tdb-bread-sep{\r\n                  line-height: 1;\r\n                  vertical-align: middle;\r\n                }.tdb-breadcrumbs .tdb-bread-sep-svg svg{\r\n                  height: auto;\r\n                }.tdb-breadcrumbs .tdb-bread-sep-svg svg,\r\n                .tdb-breadcrumbs .tdb-bread-sep-svg svg *{\r\n                  fill: #c3c3c3;\r\n                }.single-tdb_templates.author-template .tdb_breadcrumbs{\r\n                  margin-bottom: 2px;\r\n                }.tdb_category_breadcrumbs{\r\n                  margin: 21px 0 9px;\r\n                }.search-results .tdb_breadcrumbs{\r\n                  margin-bottom: 2px;\r\n                }.tdi_7 .tdb-bread-sep{\r\n                    font-size: 8px;\r\n                \r\n                    margin: 0 5px;\r\n                }.tdi_7,\r\n\t\t\t\t.tdi_7 a{\r\n\t\t\t\t\tcolor: var(--accent-color);\r\n\t\t\t\t}.tdi_7 .tdb-bread-sep-svg svg,\r\n\t\t\t\t.tdi_7 .tdb-bread-sep-svg svg *{\r\n\t\t\t\t    fill: var(--accent-color);\r\n\t\t\t\t}.td-theme-wrap .tdi_7{\r\n\t\t\t\t\ttext-align: left;\r\n\t\t\t\t}\n<\/style><div class=\"tdb-block-inner td-fix-index\"><span><a title=\"\" class=\"tdb-entry-crumb\" href=\"https:\/\/samejustice.org\/tr\/\">Ana Sayfa<\/a><\/span><i class=\"tdb-bread-sep tdb-bred-no-url-last td-icon-right\"><\/i><span class=\"tdb-bred-no-url-last\">Sample Page<\/span><\/div><\/div><script type=\"application\/ld+json\">\r\n                        {\r\n                            \"@context\": \"https:\/\/schema.org\",\r\n                            \"@type\": \"BreadcrumbList\",\r\n                            \"itemListElement\": [{\r\n                            \"@type\": \"ListItem\",\r\n                            \"position\": 1,\r\n                                \"item\": {\r\n                                \"@type\": \"WebSite\",\r\n                                \"@id\": \"https:\/\/samejustice.org\/tr\/\/\",\r\n                                \"name\": \"Ana Sayfa\"                                               \r\n                            }\r\n                        },{\r\n                            \"@type\": \"ListItem\",\r\n                            \"position\": 2,\r\n                                \"item\": {\r\n                                \"@type\": \"WebPage\",\r\n                                \"@id\": \"\",\r\n                                \"name\": \"Sample Page\"\r\n                            }\r\n                        }    ]\r\n                        }\r\n                       <\/script><div class=\"td_block_wrap tdb_title tdi_8 tdb-page-title td-pb-border-top td_block_template_1\"  data-td-block-uid=\"tdi_8\" >\n<style>\n\n\/* inline tdc_css att - generated by TagDiv Composer *\/\n\n\/* phone *\/\n@media (max-width: 767px)\n{\n.tdi_8{\nmargin-bottom:0px !important;\npadding-bottom:0px !important;\nborder-style:solid !important;\nborder-color:#888888 !important;\nborder-width: 0px 0px 0px 0px !important;\n}\n}\n\n<\/style>\n<style>\n\/* custom css - generated by TagDiv Composer *\/\n\/* custom css - generated by TagDiv Composer *\/\n.tdb_title{\r\n                  margin-bottom: 19px;\r\n                }.tdb_title.tdb-content-horiz-center{\r\n                  text-align: center;\r\n                }.tdb_title.tdb-content-horiz-center .tdb-title-line{\r\n                  margin: 0 auto;\r\n                }.tdb_title.tdb-content-horiz-right{\r\n                  text-align: right;\r\n                }.tdb_title.tdb-content-horiz-right .tdb-title-line{\r\n                  margin-left: auto;\r\n                  margin-right: 0;\r\n                }.tdb-title-text{\r\n                  display: inline-block;\r\n                  position: relative;\r\n                  margin: 0;\r\n                  word-wrap: break-word;\r\n                  font-size: 30px;\r\n                  line-height: 38px;\r\n                  font-weight: 700;\r\n                }.tdb-first-letter{\r\n                  position: absolute;\r\n                  -webkit-user-select: none;\r\n                  user-select: none;\r\n                  pointer-events: none;\r\n                  text-transform: uppercase;\r\n                  color: rgba(0, 0, 0, 0.08);\r\n                  font-size: 6em;\r\n                  font-weight: 300;\r\n                  top: 50%;\r\n                  -webkit-transform: translateY(-50%);\r\n                  transform: translateY(-50%);\r\n                  left: -0.36em;\r\n                  z-index: -1;\r\n                  -webkit-text-fill-color: initial;\r\n                }.tdb-title-line{\r\n                  display: none;\r\n                  position: relative;\r\n                }.tdb-title-line:after{\r\n                  content: '';\r\n                  width: 100%;\r\n                  position: absolute;\r\n                  background-color: var(--td_theme_color, #4db2ec);\r\n                  top: 0;\r\n                  left: 0;\r\n                  margin: auto;\r\n                }.tdi_8 .tdb-title-text{\r\n\t\t\t\t\tcolor: var(--temp);\r\n\t\t\t\t\r\n\t\t\t\t\tfont-family: var(--global-font-1) !important;font-size:3em !important;\r\n\t\t\t\t}.tdi_8 .tdb-title-line{\r\n\t\t\t\t    display: inline-block;\r\n\t\t\t\t\twidth: 100%;\r\n\t\t\t\t\r\n\t\t\t\t\theight: 0px;\r\n\t\t\t\t}.tdi_8 .tdb-title-line:after{\r\n\t\t\t\t\theight: 2px;\r\n\t\t\t\t\r\n\t\t\t\t\tbottom: 40%;\r\n\t\t\t\t\r\n\t\t\t\t\tbackground: -webkit-linear-gradient(200deg,#000000,var(--sj-brown));background: linear-gradient(200deg,#000000,var(--sj-brown));\r\n\t\t\t\t}.td-theme-wrap .tdi_8{\r\n\t\t\t\t\ttext-align: left;\r\n\t\t\t\t}.tdi_8 .tdb-first-letter{\r\n\t\t\t\t\tleft: -0.36em;\r\n\t\t\t\t\tright: auto;\r\n\t\t\t\t}\n\n\/* phone *\/\n@media (max-width: 767px){\n\/* custom css - generated by TagDiv Composer *\/\n.tdi_8 .tdb-title-text{\r\n\t\t\t\t\tfont-size:2.2em !important;line-height:1.1em !important;\r\n\t\t\t\t}\n}\n<\/style><div class=\"tdb-block-inner td-fix-index\"><h1 class=\"tdb-title-text\">Sample Page Title<\/h1><div><\/div><div class=\"tdb-title-line\"><\/div><\/div><\/div><\/div><\/div><\/div><\/div><div id=\"tdi_9\" class=\"tdc-row\"><div class=\"vc_row tdi_10  wpb_row td-pb-row\" >\n<style scoped>\n\/* custom css - generated by TagDiv Composer *\/\n\n\/* custom css - generated by TagDiv Composer *\/\n\/* custom css - generated by TagDiv Composer *\/\n.tdi_10,\r\n                .tdi_10 .tdc-columns{\r\n                    min-height: 0;\r\n                }.tdi_10,\r\n\t\t\t\t.tdi_10 .tdc-columns{\r\n\t\t\t\t    display: block;\r\n\t\t\t\t}.tdi_10 .tdc-columns{\r\n\t\t\t\t    width: 100%;\r\n\t\t\t\t}\n\/* inline tdc_css att - generated by TagDiv Composer *\/\n\n.tdi_10{\nmargin-right:0px !important;\nmargin-left:0px !important;\npadding-top:25px !important;\npadding-right:0px !important;\npadding-bottom:25px !important;\npadding-left:0px !important;\nborder-color:var(--sj-black) !important;\nborder-style:solid !important;\nborder-width: 0px 0px 0px 0px !important;\n}\n\n.tdi_10 .td_block_wrap{ text-align:left }\n\n<\/style><div class=\"vc_column tdi_12  wpb_column vc_column_container tdc-column td-pb-span6\">\n<style scoped>\n\/* custom css - generated by TagDiv Composer *\/\n\n\/* custom css - generated by TagDiv Composer *\/\n\/* custom css - generated by TagDiv Composer *\/\n.tdi_12{\r\n                    vertical-align: baseline;\r\n                }.tdi_12 > .wpb_wrapper,\r\n\t\t\t\t.tdi_12 > .wpb_wrapper > .tdc-elements{\r\n\t\t\t\t    display: block;\r\n\t\t\t\t}.tdi_12 > .wpb_wrapper > .tdc-elements{\r\n\t\t\t\t    width: 100%;\r\n\t\t\t\t}.tdi_12 > .wpb_wrapper > .vc_row_inner{\r\n\t\t\t\t    width: auto;\r\n\t\t\t\t}.tdi_12 > .wpb_wrapper{\r\n\t\t\t\t    width: auto;\r\n\t\t\t\t    height: auto;\r\n\t\t\t\t}\n<\/style><div class=\"wpb_wrapper\" ><div class=\"td_block_wrap td_block_text_with_title tdi_13 tagdiv-type td-pb-border-top td_block_template_1\"  data-td-block-uid=\"tdi_13\" >\n<style>\n\n\/* inline tdc_css att - generated by TagDiv Composer *\/\n\n.tdi_13{\nmargin-bottom:0px !important;\n}\n\n\/* phone *\/\n@media (max-width: 767px)\n{\n.tdi_13{\nmargin-bottom:30px !important;\n}\n}\n\n<\/style>\n<style>\n\/* custom css - generated by TagDiv Composer *\/\n\/* custom css - generated by TagDiv Composer *\/\n.td_block_text_with_title{\r\n                  margin-bottom: 44px;\r\n                  -webkit-transform: translateZ(0);\r\n                  transform: translateZ(0);\r\n                }.td_block_text_with_title p:last-child{\r\n                  margin-bottom: 0;\r\n                }\n<\/style><div class=\"td-block-title-wrap\"><\/div><div class=\"td_mod_wrap td-fix-index\"><p>\u0130zleme ve De\u011ferlendirme (\u0130&amp;D), kurulu\u015flar\u0131n \u00f6\u011frenmesi ve eylemleri ve ba\u015far\u0131lar\u0131 konusunda hesap verebilirli\u011fi sa\u011flamas\u0131 a\u00e7\u0131s\u0131ndan \u00f6nemlidir. Ayn\u0131 Adalet olarak hangi izleme ve de\u011ferlendirme sistemlerinin hangi ko\u015fullar alt\u0131nda en etkili oldu\u011funu ara\u015ft\u0131rmaya odaklan\u0131yoruz.<\/p>\n<p>Kurulu\u015flar\u0131n \u00f6zel ihtiya\u00e7lar\u0131na g\u00f6re uyarlanm\u0131\u015f bir izleme ve de\u011ferlendirme sistemi geli\u015ftirmelerine yard\u0131mc\u0131 oluyoruz. Ayr\u0131ca, faydalar\u0131n\u0131 en \u00fcst d\u00fczeye \u00e7\u0131karmay\u0131 ama\u00e7layan de\u011ferlendirmeler yap\u0131yoruz. Bu, de\u011ferlendirmelerin tasar\u0131m\u0131 konusunda m\u00fc\u015fterilerle i\u015fbirli\u011fi yapmay\u0131 ve s\u00fcre\u00e7 boyunca kilit payda\u015flar\u0131 dahil etmeyi i\u00e7erir.<\/p>\n<\/div><\/div><\/div><\/div><div class=\"vc_column tdi_15  wpb_column vc_column_container tdc-column td-pb-span6\">\n<style scoped>\n\/* custom css - generated by TagDiv Composer *\/\n\n\/* custom css - generated by TagDiv Composer *\/\n\/* custom css - generated by TagDiv Composer *\/\n.tdi_15{\r\n                    vertical-align: baseline;\r\n                }.tdi_15 > .wpb_wrapper,\r\n\t\t\t\t.tdi_15 > .wpb_wrapper > .tdc-elements{\r\n\t\t\t\t    display: block;\r\n\t\t\t\t}.tdi_15 > .wpb_wrapper > .tdc-elements{\r\n\t\t\t\t    width: 100%;\r\n\t\t\t\t}.tdi_15 > .wpb_wrapper > .vc_row_inner{\r\n\t\t\t\t    width: auto;\r\n\t\t\t\t}.tdi_15 > .wpb_wrapper{\r\n\t\t\t\t    width: auto;\r\n\t\t\t\t    height: auto;\r\n\t\t\t\t}\n<\/style><div class=\"wpb_wrapper\" ><div class=\"tdm_block td_block_wrap tdm_block_inline_image tdi_16 td-animation-stack tdm-content-horiz-center td-pb-border-top td_block_template_1 tdc-no-posts\"  data-td-block-uid=\"tdi_16\" >\n<style>\n\/* custom css - generated by TagDiv Composer *\/\n\/* custom css - generated by TagDiv Composer *\/\n.tdm_block.tdm_block_inline_image{\r\n                  position: relative;\r\n                  margin-bottom: 0;\r\n                  line-height: 0;\r\n                }.tdm_block.tdm_block_inline_image .tdm-inline-image-wrap{\r\n                  position: relative;\r\n                  display: inline-block;\r\n                }.tdm_block.tdm_block_inline_image .td-image-video-modal{\r\n                  cursor: pointer;\r\n                }.tdm_block.tdm_block_inline_image .tdm-caption{\r\n                  width: 100%;\r\n                  font-family: Verdana, BlinkMacSystemFont, -apple-system, \"Segoe UI\", Roboto, Oxygen, Ubuntu, Cantarell, \"Open Sans\", \"Helvetica Neue\", sans-serif;\r\n                  padding-top: 6px;\r\n                  padding-bottom: 6px;\r\n                  font-size: 12px;\r\n                  font-style: italic;\r\n                  font-weight: normal;\r\n                  line-height: 17px;\r\n                  color: #444;\r\n                }.tdm_block.tdm_block_inline_image.tdm-caption-over-image .tdm-caption{\r\n                  position: absolute;\r\n                  left: 0;\r\n                  bottom: 0;\r\n                  margin-top: 0;\r\n                  padding-left: 10px;\r\n                  padding-right: 10px;\r\n                  width: 100%;\r\n                  background: rgba(0, 0, 0, 0.7);\r\n                  color: #fff;\r\n                }.tdi_16 .tdm-inline-image-wrap:hover:before{\r\n                    opacity: 0;\r\n                }\n<\/style><div class=\"tdm-inline-image-wrap \" ><img loading=\"lazy\" decoding=\"async\" class=\"tdm-image td-fix-index td-lazy-img\" src=\"data:image\/png;base64,iVBORw0KGgoAAAANSUhEUgAABCwAAAJEAQMAAADnqyfeAAAAA1BMVEWurq51dlI4AAAAAXRSTlMmkutdmwAAAG9JREFUeNrswYEAAAAAgKD9qRepAgAAAAAAAAAAAAAAAAAAAAAAAAAAAAAAAAAAAAAAAAAAAAAAAAAAAAAAAAAAAAAAAAAAAAAAAAAAAADg9uCQAAAAAEDQ\/9fOsAAAAAAAAAAAAAAAAAAAAAAAsAox6wABwRHV3QAAAABJRU5ErkJggg==\" data-type=\"image_tag\" data-img-url=\"https:\/\/samejustice.org\/wp-content\/uploads\/2024\/04\/Monitoring_Evaluation_1.webp\"  title=\"Monitoring_Evaluation_1\" width=\"500\" height=\"285\"><\/div><\/div><\/div><\/div><\/div><\/div><div id=\"tdi_17\" class=\"tdc-row\"><div class=\"vc_row tdi_18  wpb_row td-pb-row\" >\n<style scoped>\n\/* custom css - generated by TagDiv Composer *\/\n\n\/* custom css - generated by TagDiv Composer *\/\n\/* custom css - generated by TagDiv Composer *\/\n.tdi_18,\r\n                .tdi_18 .tdc-columns{\r\n                    min-height: 0;\r\n                }.tdi_18,\r\n\t\t\t\t.tdi_18 .tdc-columns{\r\n\t\t\t\t    display: block;\r\n\t\t\t\t}.tdi_18 .tdc-columns{\r\n\t\t\t\t    width: 100%;\r\n\t\t\t\t}\n\/* inline tdc_css att - generated by TagDiv Composer *\/\n\n.tdi_18{\nmargin-right:0px !important;\nmargin-left:0px !important;\npadding-right:0px !important;\npadding-left:0px !important;\nborder-style:solid !important;\nborder-color:#888888 !important;\nborder-width: 0px 0px 0px 0px !important;\n}\n\n.tdi_18 .td_block_wrap{ text-align:left }\n\n<\/style><div class=\"vc_column tdi_20  wpb_column vc_column_container tdc-column td-pb-span12\">\n<style scoped>\n\/* custom css - generated by TagDiv Composer *\/\n\n\/* custom css - generated by TagDiv Composer *\/\n\/* custom css - generated by TagDiv Composer *\/\n.tdi_20{\r\n                    vertical-align: baseline;\r\n                }.tdi_20 > .wpb_wrapper,\r\n\t\t\t\t.tdi_20 > .wpb_wrapper > .tdc-elements{\r\n\t\t\t\t    display: block;\r\n\t\t\t\t}.tdi_20 > .wpb_wrapper > .tdc-elements{\r\n\t\t\t\t    width: 100%;\r\n\t\t\t\t}.tdi_20 > .wpb_wrapper > .vc_row_inner{\r\n\t\t\t\t    width: auto;\r\n\t\t\t\t}.tdi_20 > .wpb_wrapper{\r\n\t\t\t\t    width: auto;\r\n\t\t\t\t    height: auto;\r\n\t\t\t\t}\n<\/style><div class=\"wpb_wrapper\" ><div class=\"td_block_wrap td_block_text_with_title tdi_21 tagdiv-type td-pb-border-top td_block_template_1\"  data-td-block-uid=\"tdi_21\" >\n<style>\n\/* custom css - generated by TagDiv Composer *\/\n\/* custom css - generated by TagDiv Composer *\/\n\n<\/style><div class=\"td-block-title-wrap\"><\/div><div class=\"td_mod_wrap td-fix-index\"><p>Yakla\u015f\u0131m\u0131m\u0131z, en son y\u00f6ntemleri kullanan, her konuya a\u00e7\u0131k fikirli bir tutumla karakterize edilir. \u00d6nerileri hassasla\u015ft\u0131rmak, net bir \u015fekilde yazmak ve bulgular\u0131 tart\u0131\u015fmak i\u00e7in bolca zaman harcamak i\u00e7in m\u00fc\u015fterilerimizle yak\u0131n i\u015fbirli\u011fi i\u00e7inde \u00e7al\u0131\u015f\u0131yoruz. Ayr\u0131ca takip eylemlerine ili\u015fkin ilerlemeyi tart\u0131\u015fmak ve izlemek i\u00e7in daha sonra tekrar gelmeyi de d\u00fc\u015f\u00fcn\u00fcyoruz.<\/p>\n<\/div><\/div><\/div><\/div><\/div><\/div><\/div><\/div>","protected":false},"excerpt":{"rendered":"","protected":false},"author":1,"featured_media":0,"parent":0,"menu_order":0,"comment_status":"closed","ping_status":"closed","template":"","meta":{"footnotes":""},"_links":{"self":[{"href":"https:\/\/samejustice.org\/tr\/wp-json\/wp\/v2\/pages\/907"}],"collection":[{"href":"https:\/\/samejustice.org\/tr\/wp-json\/wp\/v2\/pages"}],"about":[{"href":"https:\/\/samejustice.org\/tr\/wp-json\/wp\/v2\/types\/page"}],"author":[{"embeddable":true,"href":"https:\/\/samejustice.org\/tr\/wp-json\/wp\/v2\/users\/1"}],"replies":[{"embeddable":true,"href":"https:\/\/samejustice.org\/tr\/wp-json\/wp\/v2\/comments?post=907"}],"version-history":[{"count":0,"href":"https:\/\/samejustice.org\/tr\/wp-json\/wp\/v2\/pages\/907\/revisions"}],"wp:attachment":[{"href":"https:\/\/samejustice.org\/tr\/wp-json\/wp\/v2\/media?parent=907"}],"curies":[{"name":"wp","href":"https:\/\/api.w.org\/{rel}","templated":true}]}}